{"id":2,"date":"2012-03-21T08:11:30","date_gmt":"2012-03-21T08:11:30","guid":{"rendered":"http:\/\/www.tlumaczenia-ustne-miw.pl\/blog\/?page_id=2"},"modified":"2012-03-21T09:31:33","modified_gmt":"2012-03-21T09:31:33","slug":"sample-page","status":"publish","type":"page","link":"https:\/\/www.tlumaczenia-ustne-miw.pl\/blog\/sample-page\/","title":{"rendered":"T\u0142umaczenia ustne MIW"},"content":{"rendered":"<p>Witamy na naszym blogu po\u015bwi\u0119conemu t\u0142umaczeniom ustnym!<\/p>\n<blockquote><p>Zapraszamy do <a title=\"Kontakt\" href=\"http:\/\/www.tlumaczenia-ustne-miw.pl\/kontakt.html\">kontaktu<\/a><\/p><\/blockquote>\n<p>&#8230;lub:<\/p>\n<blockquote><p>Zapoznania si\u0119 z nasz\u0105 ofert\u0105 na <a title=\"T\u0142umaczenia konsekutywne\" href=\"http:\/\/www.tlumaczenia-ustne-miw.pl\/tlumaczenia-konsekutywne.html\">t\u0142umaczenia konsekutywne<\/a> oraz <a title=\"T\u0142umaczenia symultaniczne\" href=\"http:\/\/www.tlumaczenia-ustne-miw.pl\/tlumaczenia-symultaniczne.html\">t\u0142umaczenia symultaniczne<\/a>.<\/p><\/blockquote>\n<p>Lub te\u017c do zapoznania si\u0119 z ofert\u0105 na t\u0142umaczenia pisemne na naszej g\u0142\u00f3wnej stronie:<\/p>\n<p><a title=\"Biuro t\u0142umacze\u0144\" href=\"http:\/\/www.tlumaczenia-miw.pl\">Biuro t\u0142umacze\u0144<\/a> MIW<\/p>\n","protected":false},"excerpt":{"rendered":"<p>Witamy na naszym blogu po\u015bwi\u0119conemu t\u0142umaczeniom ustnym! Zapraszamy do kontaktu &#8230;lub: Zapoznania si\u0119 z nasz\u0105 ofert\u0105 na t\u0142umaczenia konsekutywne oraz t\u0142umaczenia symultaniczne. Lub te\u017c do zapoznania si\u0119 z ofert\u0105 na t\u0142umaczenia pisemne na naszej g\u0142\u00f3wnej stronie: Biuro t\u0142umacze\u0144 MIW<\/p>\n","protected":false},"author":1,"featured_media":0,"parent":0,"menu_order":0,"comment_status":"open","ping_status":"open","template":"","meta":{"_monsterinsights_skip_tracking":false,"_monsterinsights_sitenote_active":false,"_monsterinsights_sitenote_note":"","_monsterinsights_sitenote_category":0,"footnotes":""},"yoast_head":"<!-- This site is optimized with the Yoast SEO plugin v21.8.1 - https:\/\/yoast.com\/wordpress\/plugins\/seo\/ -->\n<title>T\u0142umaczenia ustne MIW - T\u0142umaczenia ustne<\/title>\n<meta name=\"robots\" content=\"noindex, follow\" \/>\n<meta property=\"og:locale\" content=\"pl_PL\" \/>\n<meta property=\"og:type\" content=\"article\" \/>\n<meta property=\"og:title\" content=\"T\u0142umaczenia ustne MIW - T\u0142umaczenia ustne\" \/>\n<meta property=\"og:description\" content=\"Witamy na naszym blogu po\u015bwi\u0119conemu t\u0142umaczeniom ustnym! Zapraszamy do kontaktu &#8230;lub: Zapoznania si\u0119 z nasz\u0105 ofert\u0105 na t\u0142umaczenia konsekutywne oraz t\u0142umaczenia symultaniczne. Lub te\u017c do zapoznania si\u0119 z ofert\u0105 na t\u0142umaczenia pisemne na naszej g\u0142\u00f3wnej stronie: Biuro t\u0142umacze\u0144 MIW\" \/>\n<meta property=\"og:url\" content=\"https:\/\/www.tlumaczenia-ustne-miw.pl\/blog\/sample-page\/\" \/>\n<meta property=\"og:site_name\" content=\"T\u0142umaczenia ustne\" \/>\n<meta property=\"article:modified_time\" content=\"2012-03-21T09:31:33+00:00\" \/>\n<script type=\"application\/ld+json\" class=\"yoast-schema-graph\">{\"@context\":\"https:\/\/schema.org\",\"@graph\":[{\"@type\":\"WebPage\",\"@id\":\"https:\/\/www.tlumaczenia-ustne-miw.pl\/blog\/sample-page\/\",\"url\":\"https:\/\/www.tlumaczenia-ustne-miw.pl\/blog\/sample-page\/\",\"name\":\"T\u0142umaczenia ustne MIW - T\u0142umaczenia ustne\",\"isPartOf\":{\"@id\":\"https:\/\/www.tlumaczenia-ustne-miw.pl\/blog\/#website\"},\"datePublished\":\"2012-03-21T08:11:30+00:00\",\"dateModified\":\"2012-03-21T09:31:33+00:00\",\"breadcrumb\":{\"@id\":\"https:\/\/www.tlumaczenia-ustne-miw.pl\/blog\/sample-page\/#breadcrumb\"},\"inLanguage\":\"pl-PL\",\"potentialAction\":[{\"@type\":\"ReadAction\",\"target\":[\"https:\/\/www.tlumaczenia-ustne-miw.pl\/blog\/sample-page\/\"]}]},{\"@type\":\"BreadcrumbList\",\"@id\":\"https:\/\/www.tlumaczenia-ustne-miw.pl\/blog\/sample-page\/#breadcrumb\",\"itemListElement\":[{\"@type\":\"ListItem\",\"position\":1,\"name\":\"Home\",\"item\":\"https:\/\/www.tlumaczenia-ustne-miw.pl\/blog\/\"},{\"@type\":\"ListItem\",\"position\":2,\"name\":\"T\u0142umaczenia ustne MIW\"}]},{\"@type\":\"WebSite\",\"@id\":\"https:\/\/www.tlumaczenia-ustne-miw.pl\/blog\/#website\",\"url\":\"https:\/\/www.tlumaczenia-ustne-miw.pl\/blog\/\",\"name\":\"T\u0142umaczenia ustne\",\"description\":\"T\u0142umaczenia symultaniczne, t\u0142umaczenia konsekutywne\",\"potentialAction\":[{\"@type\":\"SearchAction\",\"target\":{\"@type\":\"EntryPoint\",\"urlTemplate\":\"https:\/\/www.tlumaczenia-ustne-miw.pl\/blog\/?s={search_term_string}\"},\"query-input\":\"required name=search_term_string\"}],\"inLanguage\":\"pl-PL\"}]}<\/script>\n<!-- \/ Yoast SEO plugin. -->","yoast_head_json":{"title":"T\u0142umaczenia ustne MIW - T\u0142umaczenia ustne","robots":{"index":"noindex","follow":"follow"},"og_locale":"pl_PL","og_type":"article","og_title":"T\u0142umaczenia ustne MIW - T\u0142umaczenia ustne","og_description":"Witamy na naszym blogu po\u015bwi\u0119conemu t\u0142umaczeniom ustnym! Zapraszamy do kontaktu &#8230;lub: Zapoznania si\u0119 z nasz\u0105 ofert\u0105 na t\u0142umaczenia konsekutywne oraz t\u0142umaczenia symultaniczne. Lub te\u017c do zapoznania si\u0119 z ofert\u0105 na t\u0142umaczenia pisemne na naszej g\u0142\u00f3wnej stronie: Biuro t\u0142umacze\u0144 MIW","og_url":"https:\/\/www.tlumaczenia-ustne-miw.pl\/blog\/sample-page\/","og_site_name":"T\u0142umaczenia ustne","article_modified_time":"2012-03-21T09:31:33+00:00","schema":{"@context":"https:\/\/schema.org","@graph":[{"@type":"WebPage","@id":"https:\/\/www.tlumaczenia-ustne-miw.pl\/blog\/sample-page\/","url":"https:\/\/www.tlumaczenia-ustne-miw.pl\/blog\/sample-page\/","name":"T\u0142umaczenia ustne MIW - T\u0142umaczenia ustne","isPartOf":{"@id":"https:\/\/www.tlumaczenia-ustne-miw.pl\/blog\/#website"},"datePublished":"2012-03-21T08:11:30+00:00","dateModified":"2012-03-21T09:31:33+00:00","breadcrumb":{"@id":"https:\/\/www.tlumaczenia-ustne-miw.pl\/blog\/sample-page\/#breadcrumb"},"inLanguage":"pl-PL","potentialAction":[{"@type":"ReadAction","target":["https:\/\/www.tlumaczenia-ustne-miw.pl\/blog\/sample-page\/"]}]},{"@type":"BreadcrumbList","@id":"https:\/\/www.tlumaczenia-ustne-miw.pl\/blog\/sample-page\/#breadcrumb","itemListElement":[{"@type":"ListItem","position":1,"name":"Home","item":"https:\/\/www.tlumaczenia-ustne-miw.pl\/blog\/"},{"@type":"ListItem","position":2,"name":"T\u0142umaczenia ustne MIW"}]},{"@type":"WebSite","@id":"https:\/\/www.tlumaczenia-ustne-miw.pl\/blog\/#website","url":"https:\/\/www.tlumaczenia-ustne-miw.pl\/blog\/","name":"T\u0142umaczenia ustne","description":"T\u0142umaczenia symultaniczne, t\u0142umaczenia konsekutywne","potentialAction":[{"@type":"SearchAction","target":{"@type":"EntryPoint","urlTemplate":"https:\/\/www.tlumaczenia-ustne-miw.pl\/blog\/?s={search_term_string}"},"query-input":"required name=search_term_string"}],"inLanguage":"pl-PL"}]}},"_links":{"self":[{"href":"https:\/\/www.tlumaczenia-ustne-miw.pl\/blog\/wp-json\/wp\/v2\/pages\/2"}],"collection":[{"href":"https:\/\/www.tlumaczenia-ustne-miw.pl\/blog\/wp-json\/wp\/v2\/pages"}],"about":[{"href":"https:\/\/www.tlumaczenia-ustne-miw.pl\/blog\/wp-json\/wp\/v2\/types\/page"}],"author":[{"embeddable":true,"href":"https:\/\/www.tlumaczenia-ustne-miw.pl\/blog\/wp-json\/wp\/v2\/users\/1"}],"replies":[{"embeddable":true,"href":"https:\/\/www.tlumaczenia-ustne-miw.pl\/blog\/wp-json\/wp\/v2\/comments?post=2"}],"version-history":[{"count":5,"href":"https:\/\/www.tlumaczenia-ustne-miw.pl\/blog\/wp-json\/wp\/v2\/pages\/2\/revisions"}],"predecessor-version":[{"id":13,"href":"https:\/\/www.tlumaczenia-ustne-miw.pl\/blog\/wp-json\/wp\/v2\/pages\/2\/revisions\/13"}],"wp:attachment":[{"href":"https:\/\/www.tlumaczenia-ustne-miw.pl\/blog\/wp-json\/wp\/v2\/media?parent=2"}],"curies":[{"name":"wp","href":"https:\/\/api.w.org\/{rel}","templated":true}]}}